{"id":63,"date":"2022-12-19T12:59:30","date_gmt":"2022-12-19T11:59:30","guid":{"rendered":"https:\/\/blog.twentyeight.be\/fr\/?page_id=63"},"modified":"2023-10-27T10:38:43","modified_gmt":"2023-10-27T08:38:43","slug":"profile","status":"publish","type":"page","link":"https:\/\/blog.twentyeight.be\/fr\/profile\/","title":{"rendered":"Profile"},"content":{"rendered":"\n<h2 class=\"wp-block-heading\">Qui suis-je?<\/h2>\n\n\n\n<p>Ton humble serviteur, Le Jardinier.<br>Int\u00e9ress\u00e9 par l&rsquo;informatique depuis mon plus jeune \u00e2ge, c&rsquo;est tout logiquement que je me suis retrouv\u00e9 dans ce domaine professionnel. N&rsquo;\u00e9tant pas excellent en graphisme, je me suis surtout dirig\u00e9 vers le code, et c&rsquo;est tout naturellement que je suis devenu d\u00e9veloppeur d&rsquo;application web (php &amp; .NET, js et frameworks &#8230;).<\/p>\n\n\n\n<p>Comme beaucoup d&rsquo;entre nous, j&rsquo;ai pu croiser du bad scrum et du presque bon scrum.<br>C&rsquo;est une exp\u00e9rience qui laissait fortement \u00e0 d\u00e9sirer (la personne ayant endoss\u00e9 le r\u00f4le de scrum master  \u00e9tait un tr\u00e8s petit chef plus que tout autre chose) qui m&rsquo;a pouss\u00e9 \u00e0 creuser le truc.<br>Le client suivant, un grand merci \u00e0 lui, m&rsquo;a permis de faire le pas (j&rsquo;ai tenu un r\u00f4le de dev en parall\u00e8le \u00e0 celui de scrum master).<br>Depuis, je prends mon r\u00f4le de scrum master \u00e0 c\u0153ur, autant d&rsquo;un point de vue du coaching, que de la facilitation, de la position de servant leader, de manager, d&rsquo;agent du changement, de co-suppresseur des blocages ou encore mentor et d&rsquo;enseignant (au travers de ce blog par exemple). Ce qui fait pas mal de choses \u00e0 cultiver.<\/p>\n\n\n\n<p>Un rien plus sur mon parcours professionnel via <a href=\"https:\/\/www.linkedin.com\/in\/pierrepolome\/\">LinkedIn<\/a><\/p>\n\n\n\n<h2 class=\"wp-block-heading\">Mes d\u00e9blat\u00e9rerions<\/h2>\n\n\n\n<p>Le contenu de ce blog n&rsquo;est pas <strong>la<\/strong> v\u00e9rit\u00e9, mais <strong>ma<\/strong> v\u00e9rit\u00e9, c&rsquo;est l&rsquo;ensemble de ce que j&rsquo;ai pu apprendre par mon exp\u00e9rience et mes lectures.<br>Jamais tu ne dois prendre ce que je pense et \u00e9cris pour argent comptant, tu es invit\u00e9 \u00e0 remettre en question tous les contenus que tu trouveras sur ce site, car m\u00eame si, \u00e0 un moment c&rsquo;\u00e9tait vrai, \u00e7a fonctionnait (\u00ab\u00a0Mais, \u00e7a fonctionne sur mon ordi\u00a0\u00bb) ce n&rsquo;est plus forc\u00e9ment le cas aujourd&rsquo;hui. (Un peu comme le guide scrum qui a eu plusieurs it\u00e9rations, les choses changent, nous nous mettons \u00e0 jour.)<br>Ce que tu trouves ici doit \u00eatre <strong>adapt\u00e9 <\/strong>\u00e0 ta r\u00e9alit\u00e9, ce qui fonctionne quelque part n&rsquo;est pas ce dont une autre \u00e9quipe a besoin.<\/p>\n\n\n\n<h2 class=\"wp-block-heading\">La fr\u00e9quence<\/h2>\n\n\n\n<p>Le contenu de ce blog \u00e9tant le reflet de mes tribulations, la fr\u00e9quence des publications sera donc \u00e0 cette image. Il ne faut donc pas s&rsquo;attendre \u00e0 quelque chose de r\u00e9gulier et avec la m\u00eame qualit\u00e9 tout le temps.<\/p>\n\n\n\n<p>Sans pr\u00e9tention, si vous avez des interrogations \/ questions, envoyez-les, je tenterai d&rsquo;y r\u00e9pondre.<\/p>\n\n\n\n<h2 class=\"wp-block-heading\">Le site\/blog<\/h2>\n\n\n\n<p>J&rsquo;ai d\u00e9cid\u00e9 de partir sur un blog wordpress dans un premier temps avec un template qui est ce qu&rsquo;il est.<br>En fonction du feedback et de mes envies, j\u2019it\u00e9rerai sur le format de la b\u00eate. (Tu as vu comme je suis agile;))<\/p>\n\n\n\n<p>Et que \u00e7a pousse, ton jardinier pr\u00e9f\u00e9r\u00e9<br><\/p>\n","protected":false},"excerpt":{"rendered":"<p>Qui suis-je? Ton humble serviteur, Le Jardinier.Int\u00e9ress\u00e9 par l&rsquo;informatique depuis mon plus jeune \u00e2ge, c&rsquo;est tout logiquement que je me suis retrouv\u00e9 dans ce domaine professionnel. N&rsquo;\u00e9tant pas excellent en graphisme, je me suis surtout dirig\u00e9 vers le code, et c&rsquo;est tout naturellement que je suis devenu d\u00e9veloppeur d&rsquo;application web (php &amp; .NET, js et&hellip; <a class=\"more-link\" href=\"https:\/\/blog.twentyeight.be\/fr\/profile\/\">Poursuivre la lecture <span class=\"screen-reader-text\">Profile<\/span><\/a><\/p>\n","protected":false},"author":1,"featured_media":404,"parent":0,"menu_order":0,"comment_status":"closed","ping_status":"closed","template":"","meta":{"_uag_custom_page_level_css":"","footnotes":""},"class_list":["post-63","page","type-page","status-publish","has-post-thumbnail","hentry"],"uagb_featured_image_src":{"full":["https:\/\/blog.twentyeight.be\/fr\/wp-content\/uploads\/sites\/2\/2023\/10\/pink-yellow-purple-cream-flower-garden-with-sunlight-effect-background.jpg",1000,667,false],"thumbnail":["https:\/\/blog.twentyeight.be\/fr\/wp-content\/uploads\/sites\/2\/2023\/10\/pink-yellow-purple-cream-flower-garden-with-sunlight-effect-background-150x150.jpg",150,150,true],"medium":["https:\/\/blog.twentyeight.be\/fr\/wp-content\/uploads\/sites\/2\/2023\/10\/pink-yellow-purple-cream-flower-garden-with-sunlight-effect-background-300x200.jpg",300,200,true],"medium_large":["https:\/\/blog.twentyeight.be\/fr\/wp-content\/uploads\/sites\/2\/2023\/10\/pink-yellow-purple-cream-flower-garden-with-sunlight-effect-background-768x512.jpg",640,427,true],"large":["https:\/\/blog.twentyeight.be\/fr\/wp-content\/uploads\/sites\/2\/2023\/10\/pink-yellow-purple-cream-flower-garden-with-sunlight-effect-background.jpg",640,427,false],"1536x1536":["https:\/\/blog.twentyeight.be\/fr\/wp-content\/uploads\/sites\/2\/2023\/10\/pink-yellow-purple-cream-flower-garden-with-sunlight-effect-background.jpg",1000,667,false],"2048x2048":["https:\/\/blog.twentyeight.be\/fr\/wp-content\/uploads\/sites\/2\/2023\/10\/pink-yellow-purple-cream-flower-garden-with-sunlight-effect-background.jpg",1000,667,false]},"uagb_author_info":{"display_name":"pierre","author_link":"https:\/\/blog.twentyeight.be\/fr\/author\/pierre\/"},"uagb_comment_info":0,"uagb_excerpt":"Qui suis-je? Ton humble serviteur, Le Jardinier.Int\u00e9ress\u00e9 par l&rsquo;informatique depuis mon plus jeune \u00e2ge, c&rsquo;est tout logiquement que je me suis retrouv\u00e9 dans ce domaine professionnel. N&rsquo;\u00e9tant pas excellent en graphisme, je me suis surtout dirig\u00e9 vers le code, et c&rsquo;est tout naturellement que je suis devenu d\u00e9veloppeur d&rsquo;application web (php &amp; .NET, js et&hellip;\u2026","_links":{"self":[{"href":"https:\/\/blog.twentyeight.be\/fr\/wp-json\/wp\/v2\/pages\/63","targetHints":{"allow":["GET"]}}],"collection":[{"href":"https:\/\/blog.twentyeight.be\/fr\/wp-json\/wp\/v2\/pages"}],"about":[{"href":"https:\/\/blog.twentyeight.be\/fr\/wp-json\/wp\/v2\/types\/page"}],"author":[{"embeddable":true,"href":"https:\/\/blog.twentyeight.be\/fr\/wp-json\/wp\/v2\/users\/1"}],"replies":[{"embeddable":true,"href":"https:\/\/blog.twentyeight.be\/fr\/wp-json\/wp\/v2\/comments?post=63"}],"version-history":[{"count":15,"href":"https:\/\/blog.twentyeight.be\/fr\/wp-json\/wp\/v2\/pages\/63\/revisions"}],"predecessor-version":[{"id":409,"href":"https:\/\/blog.twentyeight.be\/fr\/wp-json\/wp\/v2\/pages\/63\/revisions\/409"}],"wp:featuredmedia":[{"embeddable":true,"href":"https:\/\/blog.twentyeight.be\/fr\/wp-json\/wp\/v2\/media\/404"}],"wp:attachment":[{"href":"https:\/\/blog.twentyeight.be\/fr\/wp-json\/wp\/v2\/media?parent=63"}],"curies":[{"name":"wp","href":"https:\/\/api.w.org\/{rel}","templated":true}]}}